{"id":56,"date":"2013-04-26T17:48:16","date_gmt":"2013-04-26T14:48:16","guid":{"rendered":"http:\/\/kainuunpuutarhayhdistys.fi\/2013\/?page_id=56"},"modified":"2025-03-22T09:14:09","modified_gmt":"2025-03-22T07:14:09","slug":"yhteystiedot","status":"publish","type":"page","link":"https:\/\/kainuunpuutarhayhdistys.fi\/?page_id=56","title":{"rendered":"Yhteystiedot"},"content":{"rendered":"<p><strong>Ota yhteytt\u00e4:<\/strong><\/p>\n<p><strong>Puheenjohtaja<\/strong><\/p>\n<p>P\u00e4ivi Tikkakoski, puh. 040 740 8523, paivi.haatyla(\u00e4t)gmail.com<a href=\"mailto:eeva-liisa.mulari@p.inet.fi\"><br \/>\n<\/a><\/p>\n<p><strong>Varapuheenjohtaja<\/strong><\/p>\n<p>Pirkko Korhonen, <img decoding=\"async\" class=\"CQ CU\" src=\"https:\/\/mail.google.com\/mail\/u\/1\/images\/cleardot.gif\" alt=\"\" \/>pirkko.korhonen(\u00e4t)kajaani.net<\/p>\n<p><strong>Sihteeri<\/strong><\/p>\n<p>Asta V\u00e4yrynen, narda2a(\u00e4t)gmail.com<\/p>\n<p><strong>J\u00e4sen- ja tiedotusvastaava<\/strong><\/p>\n<p>tiedottaja(\u00e4t)kainuunpuutarhayhdistys.fi<\/p>\n<p><strong>Rahastonhoitaja<\/strong><\/p>\n<p>P\u00e4ivi Tikkakoski, puh. 040 7408523, \u00a0paivi.haatyla(\u00e4t)gmail.com<\/p>\n<p><strong>Muut tiedotuskanavat<\/strong><\/p>\n<ul>\n<li>kainuunpuutarhayhdistys.fi<\/li>\n<li>facebook.com\/kainuunpuutarhayhdistys<\/li>\n<li>J\u00e4senille s\u00e4hkopostitiedotteet tulevista tapahtumista<\/li>\n<\/ul>\n<ul>\n<li>J\u00e4senmaksu maksetaan vuosittain huhtikuussa-toukokuussa Viherpeukalo-j\u00e4senlehden ohessa toimitetulla tilisiirrolla<\/li>\n<li>Uudet j\u00e4senet saavat laskun, kun hallitus on vahvistanut\u00a0\u00a0j\u00e4senyyden<\/li>\n<\/ul>\n","protected":false},"excerpt":{"rendered":"<p>Ota yhteytt\u00e4: Puheenjohtaja P\u00e4ivi Tikkakoski, puh. 040 740 8523, paivi.haatyla(\u00e4t)gmail.com Varapuheenjohtaja Pirkko Korhonen, pirkko.korhonen(\u00e4t)kajaani.net Sihteeri Asta V\u00e4yrynen, narda2a(\u00e4t)gmail.com J\u00e4sen- ja tiedotusvastaava tiedottaja(\u00e4t)kainuunpuutarhayhdistys.fi Rahastonhoitaja P\u00e4ivi Tikkakoski, puh. 040 7408523, \u00a0paivi.haatyla(\u00e4t)gmail.com Muut tiedotuskanavat kainuunpuutarhayhdistys.fi facebook.com\/kainuunpuutarhayhdistys J\u00e4senille s\u00e4hkopostitiedotteet tulevista tapahtumista J\u00e4senmaksu maksetaan vuosittain huhtikuussa-toukokuussa Viherpeukalo-j\u00e4senlehden ohessa toimitetulla tilisiirrolla Uudet j\u00e4senet saavat laskun, kun hallitus on vahvistanut\u00a0\u00a0j\u00e4senyyden<\/p>\n","protected":false},"author":10,"featured_media":0,"parent":240,"menu_order":1,"comment_status":"closed","ping_status":"open","template":"","meta":{"footnotes":""},"class_list":["post-56","page","type-page","status-publish","hentry"],"_links":{"self":[{"href":"https:\/\/kainuunpuutarhayhdistys.fi\/index.php?rest_route=\/wp\/v2\/pages\/56","targetHints":{"allow":["GET"]}}],"collection":[{"href":"https:\/\/kainuunpuutarhayhdistys.fi\/index.php?rest_route=\/wp\/v2\/pages"}],"about":[{"href":"https:\/\/kainuunpuutarhayhdistys.fi\/index.php?rest_route=\/wp\/v2\/types\/page"}],"author":[{"embeddable":true,"href":"https:\/\/kainuunpuutarhayhdistys.fi\/index.php?rest_route=\/wp\/v2\/users\/10"}],"replies":[{"embeddable":true,"href":"https:\/\/kainuunpuutarhayhdistys.fi\/index.php?rest_route=%2Fwp%2Fv2%2Fcomments&post=56"}],"version-history":[{"count":15,"href":"https:\/\/kainuunpuutarhayhdistys.fi\/index.php?rest_route=\/wp\/v2\/pages\/56\/revisions"}],"predecessor-version":[{"id":1109,"href":"https:\/\/kainuunpuutarhayhdistys.fi\/index.php?rest_route=\/wp\/v2\/pages\/56\/revisions\/1109"}],"up":[{"embeddable":true,"href":"https:\/\/kainuunpuutarhayhdistys.fi\/index.php?rest_route=\/wp\/v2\/pages\/240"}],"wp:attachment":[{"href":"https:\/\/kainuunpuutarhayhdistys.fi\/index.php?rest_route=%2Fwp%2Fv2%2Fmedia&parent=56"}],"curies":[{"name":"wp","href":"https:\/\/api.w.org\/{rel}","templated":true}]}}