{"id":248,"date":"2013-04-27T15:31:53","date_gmt":"2013-04-27T12:31:53","guid":{"rendered":"http:\/\/kainuunpuutarhayhdistys.fi\/2013\/?page_id=248"},"modified":"2013-04-27T15:35:32","modified_gmt":"2013-04-27T12:35:32","slug":"kainuun-puutarhayhdistyksen-historiaa","status":"publish","type":"page","link":"https:\/\/kainuunpuutarhayhdistys.fi\/?page_id=248","title":{"rendered":"Kainuun Puutarhayhdistyksen historiaa"},"content":{"rendered":"<p>Perustava kokous pidettiin Kajaanissa Hankkijan ruokalassa 6.3.1980. Perustavaan kokoukseen osallistui 39 henkil\u00f6\u00e4, joista yhdistyksen j\u00e4seniksi liittyi heti 34 henkil\u00f6\u00e4. Perustamisvuonna henkil\u00f6j\u00e4seni\u00e4 oli 62. J\u00e4senm\u00e4\u00e4r\u00e4 kasvoi koko 1980-luvun ajan, ollen korkeimmillaan 141 henkil\u00f6\u00e4. Sen j\u00e4lkeen henkil\u00f6j\u00e4senten m\u00e4\u00e4r\u00e4 on ollut tasaisesti 50-60 j\u00e4sent\u00e4.<\/p>\n<p>Yhdistyksen toiminnan tavoitteeksi asetettiin puutarhaviljelyn ja kulttuurin kaikkinainen edist\u00e4minen, sek\u00e4 ammatillisen tason ja taloudellisen hyvinvoinnin kehitt\u00e4minen Kainuun kattavalla toimialueella.<\/p>\n<p>Perustavassa kokouksessa p\u00e4\u00e4tettiin hakeutua Puutarhaliiton j\u00e4seneksi. Hakemus j\u00e4tettiin 11.11.1980 ja j\u00e4senyys hyv\u00e4ksyttiin Puutarhaliiton hallituksen kokouksessa 10.12.1980 Kainuun Puutarhayhdistys ry. Merkittiin rekisteriin 28.10.1981.<\/p>\n<p>Yhdistyksen asioita ja omaisuutta hoitaa hallitus vuosikokouksen p\u00e4\u00e4tt\u00e4min linjoin ja tavoittein. Puheenjohtaja ja sihteeri edustavat yhdistyst\u00e4 ja hoitavat k\u00e4yt\u00e4nn\u00f6n toimenpiteet s\u00e4\u00e4nt\u00f6jen asettamin tavoin. Vuosikokous pidet\u00e4\u00e4n tammi &#8211; helmikuun aikana ja muita yleisi\u00e4 kokouksia tarpeen mukaan hallituksen p\u00e4\u00e4t\u00f6ksell\u00e4.<\/p>\n<p>Kainuun Puutarhayhdistyksen p\u00e4\u00e4linjat 20 vuoden ajalta ovat olleet puutarhaviljelyn edist\u00e4minen, jossa yhteistoimintaan pyrkiminen, ammattitaidon kohottaminen ja sopimusviljelyn aikaansaaminen ovat olleet keskeisi\u00e4 asioita.<\/p>\n<p>Puutarhavaliokunta MTK:n Kainuun Liittoon<\/p>\n<p>esitys 1981, valiokunnan perustaminen 1982-1983<\/p>\n<p>1982-1983 Esitys tuotemerkist\u00e4 22.1.1986 julkistettiin \u2019Kainuussa Tuotettu\u2019\u00a0&#8211; tuotemerkki ja k\u00e4ytt\u00f6\u00f6notto MTK- Kainuun Liiton, Kainuun Yritt\u00e4j\u00e4t ry ja Kajaanin Kauppakamarin toimesta<\/p>\n<p>Esitys puutarhakonsulentin toimesta Kainuun maaseutukeskukselle maakuntaliitolle edelleen viet\u00e4v\u00e4ksi<\/p>\n<p>N\u00e4yttelyt<\/p>\n<p>1.\u00a0\u00a0\u00a0 Puutarhan\u00e4yttely Sepp\u00e4l\u00e4n liikuntahallissa 1980<\/p>\n<p>2.\u00a0\u00a0\u00a0 Puutarhan\u00e4yttely Sotkamon lukion liikuntahalli 1981<\/p>\n<p>3.\u00a0\u00a0\u00a0 Puutarhan\u00e4yttely Kajaanin ammattikoulun liikuntahalli 1983<\/p>\n<p>4.\u00a0\u00a0\u00a0 Puutarhan\u00e4yttely Kajaanin ammattikoulun liikuntahalli 1988<\/p>\n<p>5.\u00a0\u00a0\u00a0 Puutarhan\u00e4yttely Kajaanin ammattikoulun liikuntahalli 1995<\/p>\n<p>1996-2005 Mukana Sepp\u00e4l\u00e4n maalaismarkkinoilla, Kev\u00e4tPuutarha-tapahtumassa ja Joulutorilla<\/p>\n<p>Kainuun Puutarhayhdistyksen toiminta oli alkuvaiheessa yrityspainoitteista, joka n\u00e4kyi mm. viljelij\u00e4kokoontumisina. Yhdistys on tukenut puutarhatalouden opiskelua useana vuonna my\u00f6nt\u00e4m\u00e4ll\u00e4 stipendin Sepp\u00e4l\u00e4n puutarhakoulun opiskelijalle. Vuoteen 2003 saakka yhdistys tuki Kotipuutarhalehden\u00a0tilausta. Kursseja ja retki\u00e4 on j\u00e4rjestetty vuosittain.<\/p>\n<p>Valtakunnalliset aloitteet<\/p>\n<p>Pinta-alalis\u00e4n valtion tukena ulottaminen puutarhakasveille<\/p>\n<p>Satovahinkokorvausten ulottaminen puutarhatalouteen<\/p>\n<p>Selvitykset<\/p>\n<p>Kainuun puutarhatuotannon ja kulutuksen selvitys ja alueen kotitarveviljelyn osuus kokonaisk\u00e4yt\u00f6st\u00e4<\/p>\n<p>Puutarhatalouden investointi- ja koulutustarpeet Kainuussa 1998<\/p>\n<p>Puheenjohtajat<\/p>\n<p>1980-2000 Urpo Junkkila<\/p>\n<p>2000- Heli Pirinen<\/p>\n<p>T\u00e4n\u00e4 p\u00e4iv\u00e4n\u00e4 toimintaa on sek\u00e4 yritys- ett\u00e4 kotitalousj\u00e4senille. Toiminta painottuu retkiin ja yhteisiin tapaamisiin, toritapahtumiin ja v\u00e4litystoimintaan.<\/p>\n<p>Tervetuloa mukaan toimintaamme!<\/p>\n","protected":false},"excerpt":{"rendered":"<p>Perustava kokous pidettiin Kajaanissa Hankkijan ruokalassa 6.3.1980. Perustavaan kokoukseen osallistui 39 henkil\u00f6\u00e4, joista yhdistyksen j\u00e4seniksi liittyi heti 34 henkil\u00f6\u00e4. Perustamisvuonna henkil\u00f6j\u00e4seni\u00e4 oli 62. J\u00e4senm\u00e4\u00e4r\u00e4 kasvoi koko 1980-luvun ajan, ollen korkeimmillaan 141 henkil\u00f6\u00e4. Sen j\u00e4lkeen henkil\u00f6j\u00e4senten m\u00e4\u00e4r\u00e4 on ollut tasaisesti 50-60 j\u00e4sent\u00e4. Yhdistyksen toiminnan tavoitteeksi asetettiin puutarhaviljelyn ja kulttuurin kaikkinainen edist\u00e4minen, sek\u00e4 ammatillisen tason ja taloudellisen&#8230;<\/p>\n<p class=\"more-link-wrap\"><a href=\"https:\/\/kainuunpuutarhayhdistys.fi\/?page_id=248\" class=\"more-link\">Read More<span class=\"screen-reader-text\"> &ldquo;Kainuun Puutarhayhdistyksen historiaa&rdquo;<\/span> &raquo;<\/a><\/p>\n","protected":false},"author":2,"featured_media":0,"parent":240,"menu_order":4,"comment_status":"closed","ping_status":"closed","template":"","meta":{"footnotes":""},"class_list":["post-248","page","type-page","status-publish","hentry"],"_links":{"self":[{"href":"https:\/\/kainuunpuutarhayhdistys.fi\/index.php?rest_route=\/wp\/v2\/pages\/248","targetHints":{"allow":["GET"]}}],"collection":[{"href":"https:\/\/kainuunpuutarhayhdistys.fi\/index.php?rest_route=\/wp\/v2\/pages"}],"about":[{"href":"https:\/\/kainuunpuutarhayhdistys.fi\/index.php?rest_route=\/wp\/v2\/types\/page"}],"author":[{"embeddable":true,"href":"https:\/\/kainuunpuutarhayhdistys.fi\/index.php?rest_route=\/wp\/v2\/users\/2"}],"replies":[{"embeddable":true,"href":"https:\/\/kainuunpuutarhayhdistys.fi\/index.php?rest_route=%2Fwp%2Fv2%2Fcomments&post=248"}],"version-history":[{"count":3,"href":"https:\/\/kainuunpuutarhayhdistys.fi\/index.php?rest_route=\/wp\/v2\/pages\/248\/revisions"}],"predecessor-version":[{"id":256,"href":"https:\/\/kainuunpuutarhayhdistys.fi\/index.php?rest_route=\/wp\/v2\/pages\/248\/revisions\/256"}],"up":[{"embeddable":true,"href":"https:\/\/kainuunpuutarhayhdistys.fi\/index.php?rest_route=\/wp\/v2\/pages\/240"}],"wp:attachment":[{"href":"https:\/\/kainuunpuutarhayhdistys.fi\/index.php?rest_route=%2Fwp%2Fv2%2Fmedia&parent=248"}],"curies":[{"name":"wp","href":"https:\/\/api.w.org\/{rel}","templated":true}]}}