{"id":246,"date":"2020-03-04T22:13:51","date_gmt":"2020-03-04T20:13:51","guid":{"rendered":"http:\/\/kainuunpuutarhayhdistys.fi\/2013\/?page_id=246"},"modified":"2025-03-22T09:16:24","modified_gmt":"2025-03-22T07:16:24","slug":"johtokunta","status":"publish","type":"page","link":"https:\/\/kainuunpuutarhayhdistys.fi\/?page_id=246","title":{"rendered":"Hallitus"},"content":{"rendered":"<p>\u201dYhdistyksen tarkoituksena on koota puutarhahenkiset ihmiset yhteistoimintaan puutarhaviljelyn ja -kulttuurin edist\u00e4miseksi Kainuussa, j\u00e4senten aineellisen ja henkisen hyvinvoinnin edist\u00e4minen sek\u00e4 tiedollisen ja taidollisen tason kehitt\u00e4minen\u201d<\/p>\n<p><strong>Hallitus 2025<\/strong><\/p>\n<ul>\n<li>Puheenjohtaja: P\u00e4ivi Tikkakoski<\/li>\n<\/ul>\n<p><strong>Varsinaiset j\u00e4senet:<\/strong><\/p>\n<ul>\n<li>Varapuheenjohtaja: Pirkko Korhonen<\/li>\n<li>Sihteeri (hoitaa my\u00f6s j\u00e4sen- ja tiedotusasioita): Asta V\u00e4yrynen<\/li>\n<li>Taloudenhoitaja (hoitaa my\u00f6s j\u00e4sen- ja tiedotusasioita): P\u00e4ivi Tikkakoski<\/li>\n<li>Pirjo Martiskainen<\/li>\n<li>Veikko Valtanen<\/li>\n<li>Pirkko Korhonen<\/li>\n<li>Susanna Sepp\u00e4nen<\/li>\n<li>Tuula K\u00e4rn\u00e4<\/li>\n<\/ul>\n<p><strong>Varaj\u00e4senet;<\/strong><\/p>\n<ul>\n<li>Anita Korhonen<\/li>\n<li>Tuula Ponkilainen<\/li>\n<li>Osmo Latvakangas<\/li>\n<\/ul>\n","protected":false},"excerpt":{"rendered":"<p>\u201dYhdistyksen tarkoituksena on koota puutarhahenkiset ihmiset yhteistoimintaan puutarhaviljelyn ja -kulttuurin edist\u00e4miseksi Kainuussa, j\u00e4senten aineellisen ja henkisen hyvinvoinnin edist\u00e4minen sek\u00e4 tiedollisen ja taidollisen tason kehitt\u00e4minen\u201d Hallitus 2025 Puheenjohtaja: P\u00e4ivi Tikkakoski Varsinaiset j\u00e4senet: Varapuheenjohtaja: Pirkko Korhonen Sihteeri (hoitaa my\u00f6s j\u00e4sen- ja tiedotusasioita): Asta V\u00e4yrynen Taloudenhoitaja (hoitaa my\u00f6s j\u00e4sen- ja tiedotusasioita): P\u00e4ivi Tikkakoski Pirjo Martiskainen Veikko Valtanen Pirkko&#8230;<\/p>\n<p class=\"more-link-wrap\"><a href=\"https:\/\/kainuunpuutarhayhdistys.fi\/?page_id=246\" class=\"more-link\">Read More<span class=\"screen-reader-text\"> &ldquo;Hallitus&rdquo;<\/span> &raquo;<\/a><\/p>\n","protected":false},"author":2,"featured_media":0,"parent":240,"menu_order":2,"comment_status":"closed","ping_status":"closed","template":"","meta":{"footnotes":""},"class_list":["post-246","page","type-page","status-publish","hentry"],"_links":{"self":[{"href":"https:\/\/kainuunpuutarhayhdistys.fi\/index.php?rest_route=\/wp\/v2\/pages\/246","targetHints":{"allow":["GET"]}}],"collection":[{"href":"https:\/\/kainuunpuutarhayhdistys.fi\/index.php?rest_route=\/wp\/v2\/pages"}],"about":[{"href":"https:\/\/kainuunpuutarhayhdistys.fi\/index.php?rest_route=\/wp\/v2\/types\/page"}],"author":[{"embeddable":true,"href":"https:\/\/kainuunpuutarhayhdistys.fi\/index.php?rest_route=\/wp\/v2\/users\/2"}],"replies":[{"embeddable":true,"href":"https:\/\/kainuunpuutarhayhdistys.fi\/index.php?rest_route=%2Fwp%2Fv2%2Fcomments&post=246"}],"version-history":[{"count":18,"href":"https:\/\/kainuunpuutarhayhdistys.fi\/index.php?rest_route=\/wp\/v2\/pages\/246\/revisions"}],"predecessor-version":[{"id":1111,"href":"https:\/\/kainuunpuutarhayhdistys.fi\/index.php?rest_route=\/wp\/v2\/pages\/246\/revisions\/1111"}],"up":[{"embeddable":true,"href":"https:\/\/kainuunpuutarhayhdistys.fi\/index.php?rest_route=\/wp\/v2\/pages\/240"}],"wp:attachment":[{"href":"https:\/\/kainuunpuutarhayhdistys.fi\/index.php?rest_route=%2Fwp%2Fv2%2Fmedia&parent=246"}],"curies":[{"name":"wp","href":"https:\/\/api.w.org\/{rel}","templated":true}]}}