{"id":244,"date":"2013-04-27T15:30:05","date_gmt":"2013-04-27T12:30:05","guid":{"rendered":"http:\/\/kainuunpuutarhayhdistys.fi\/2013\/?page_id=244"},"modified":"2017-03-02T10:02:34","modified_gmt":"2017-03-02T08:02:34","slug":"saannot","status":"publish","type":"page","link":"https:\/\/kainuunpuutarhayhdistys.fi\/?page_id=244","title":{"rendered":"S\u00e4\u00e4nn\u00f6t"},"content":{"rendered":"<p><strong>1 \u00a7 Nimi ja kotipaikka<\/strong><\/p>\n<p>Yhdistyksen nimi on Kainuun Puutarhayhdistys ry.\u00a0Yhdistyksen kotipaikka on Kajaani ja toiminta &#8211; alueena Kainuun maakunta.<\/p>\n<p><strong>2 \u00a7 Tarkoitus<\/strong><\/p>\n<p>Yhdistyksen tarkoituksena on koota puutarhahenkiset ihmiset yhteistoimintaan puutarhaviljelyn ja -kulttuurin edist\u00e4miseksi Kainuussa , j\u00e4senten aineellisen ja henkisen hyvinvoinnin edist\u00e4minen sek\u00e4\u00a0tiedollisen ja taidollisen tason kehitt\u00e4minen.<\/p>\n<p><strong>3 \u00a7 Tarkoituksen toteuttaminen<\/strong><\/p>\n<p>Tarkoituksen toteuttamiseksi yhdistys<\/p>\n<ol>\n<li>Yll\u00e4pit\u00e4\u00e4 j\u00e4sentens\u00e4 yhteenkuuluvuutta ja luo mahdollisuuksia ihmisten v\u00e4liseen kanssak\u00e4ymiseen j\u00e4rjest\u00e4m\u00e4ll\u00e4 yhteisi\u00e4 tapaamisia, kilpailuja, retkeilyj\u00e4 ja juhlia<\/li>\n<li>Yll\u00e4pit\u00e4\u00e4 ja kehitt\u00e4\u00e4 puutarhakulttuuria ja alan palveluja j\u00e4rjest\u00e4m\u00e4ll\u00e4 n\u00e4yttelytilaisuuksia ja\u00a0tiedottamalla<\/li>\n<li>Kannustaa j\u00e4seni\u00e4\u00e4n kehitt\u00e4m\u00e4\u00e4n itse\u00e4\u00e4n puutarha elinkeinotoiminnassa ja kotitaloudessa\u00a0j\u00e4rjest\u00e4m\u00e4ll\u00e4 esitelm\u00e4- ja neuvontatilaisuuksia, kokouksia ja kursseja<\/li>\n<li>Hankkii j\u00e4senten yhteiseen k\u00e4ytt\u00f6\u00f6n ty\u00f6v\u00e4lineit\u00e4- ja laitteita sek\u00e4 edist\u00e4\u00e4 muita alan yhteishankintoja yhteistilauksilla ja vuokraamalla<\/li>\n<li>Osallistuu puutarhataloutta kehitt\u00e4v\u00e4\u00e4n, yhdistyksen tarkoitukseen liittyv\u00e4\u00e4n hanketoimintaan<\/li>\n<li>Voi palkata ty\u00f6ntekij\u00e4n toteuttamaan toimintasuunnitelmaa<\/li>\n<li>Tekee aloitteita ja antaa lausuntoja alan toiminnan edist\u00e4miseksi<\/li>\n<li>Voi perustaa rekister\u00f6im\u00e4tt\u00f6mi\u00e4 jaostoja Kainuun kuntiin<\/li>\n<\/ol>\n<p>Toimintansa tukemiseksi yhdistys voi hakea ja vastaanottaa lahjoituksia ja avustuksia, j\u00e4rjest\u00e4\u00e4\u00a0arpajaisia, varojen ker\u00e4yksi\u00e4 ja myyj\u00e4isi\u00e4. Tarvittaessa yhdistys hankkii t\u00e4llaiseen toimintaansa\u00a0asianmukaisen luvan.<\/p>\n<p>Yhdistyksen tarkoituksena ei ole tuottaa taloudellista ansioita siihen osallistuneille eik\u00e4 sen toiminta\u00a0muutenkaan saa muodostua voittoa tavoittelevaksi. Yhdistys on puoluepoliittisesti sitoutumaton.<\/p>\n<p><strong>4 \u00a7 J\u00e4senyys<\/strong><\/p>\n<p>Yhdistyksen j\u00e4seneksi hallitus voi hyv\u00e4ksy\u00e4:<\/p>\n<ol>\n<li>Henkil\u00f6j\u00e4seneksi 15 vuotta t\u00e4ytt\u00e4neen henkil\u00f6n, joka haluaa edist\u00e4\u00e4 yhdistyksen tarkoitusperi\u00e4\u00a0ja toimintaa<\/li>\n<li>Yhteis\u00f6j\u00e4seneksi rekister\u00f6idyn yhdistyksen tai muun oikeuskelpoisen yhteis\u00f6n, joka haluaa edist\u00e4\u00e4 yhdistyksen toimintaa<\/li>\n<li>Kannattajaj\u00e4seneksi oikeuskelpoisen yhteis\u00f6n, joka haluaa tukea yhdistyksen toimintaa<\/li>\n<\/ol>\n<p>Kunniaj\u00e4seneksi voi yhdistyksen kokous hallituksen esityksest\u00e4 kutsua henkil\u00f6n, joka ansiokkaasti\u00a0on edist\u00e4nyt yhdistyksen toimintaa.<\/p>\n<p>Yhdistyksen kokouksissa on kaikilla j\u00e4senmaksunsa maksaneilla\u00a0henkil\u00f6- ja yhteis\u00f6j\u00e4senill\u00e4 sek\u00e4 kunniaj\u00e4senill\u00e4 \u00e4\u00e4nioikeus ja yksi \u00e4\u00e4ni. Kannattajaj\u00e4senell\u00e4 on\u00a0yhdistyksen kokouksissa l\u00e4sn\u00e4olo- ja puheoikeus. J\u00e4senedut tarkennetaan vuosittain\u00a0vuosikokouksessa. J\u00e4senetuja voivat olla j\u00e4senten tiedotuslehti tai jokin muu vastaava tiedollinen\u00a0tuki.<\/p>\n<p>Hallitus voi erottaa j\u00e4senen, mik\u00e4li h\u00e4n j\u00e4tt\u00e4\u00e4 kahden huomautuksen j\u00e4lkeen er\u00e4\u00e4ntyneen\u00a0j\u00e4senmaksun suorittamatta tai hallituksen huomautuksesta huolimatta toimii yhdistyksen\u00a0tarkoitusperi\u00e4 vastaan. J\u00e4sen voi pyyt\u00e4\u00e4 yhdistyksen kokousta k\u00e4sittelem\u00e4\u00e4n hallituksen h\u00e4nt\u00e4\u00a0koskevaa erottamisp\u00e4\u00e4t\u00f6st\u00e4. Pyynt\u00f6 on teht\u00e4v\u00e4 kirjallisesti hallitukselle kuukauden kuluessa siit\u00e4,\u00a0kun j\u00e4sen saa tiedon erottamisp\u00e4\u00e4t\u00f6ksest\u00e4. Jos j\u00e4sen itse haluaa erota, h\u00e4n voi tehd\u00e4 siit\u00e4 kirjallisen\u00a0ilmoituksen hallitukselle tai sen puheenjohtajalle tai ilmoittaa eroamisestaan yhdistyksen\u00a0kokouksessa. Eroaminen lasketaan tapahtuvaksi sen kalenterivuoden viimeisen\u00e4 p\u00e4iv\u00e4n\u00e4, jonka\u00a0aikana eroamisilmoitus on tehty. J\u00e4sen on velvollinen maksamaan j\u00e4senmaksun eroamisp\u00e4iv\u00e4\u00e4n\u00a0saakka.<\/p>\n<p><strong>5 \u00a7 J\u00e4senmaksut<\/strong><\/p>\n<p>Yhdistyksen j\u00e4senet suorittavat sille vuosittain j\u00e4senmaksuna:<\/p>\n<ol>\n<li>Henkil\u00f6j\u00e4senen\u00e4 vuosimaksun, jonka suuruus m\u00e4\u00e4r\u00e4t\u00e4\u00e4n vuosittain vuosikokouksessa<\/li>\n<li>Yhteis\u00f6j\u00e4senet vuosimaksun, jonka suuruus m\u00e4\u00e4r\u00e4t\u00e4\u00e4n vuosittain vuosikokouksessa<\/li>\n<li>Kannattajaj\u00e4senet kannatusj\u00e4senmaksun, jonka suuruus m\u00e4\u00e4r\u00e4t\u00e4\u00e4n vuosittain vuosikokouksessa<\/li>\n<\/ol>\n<p>Kunniaj\u00e4sen on vapaa vuotuisesta j\u00e4senmaksusta. J\u00e4senell\u00e4, joka ei ole suorittanut yhdistykselle\u00a0er\u00e4\u00e4ntynytt\u00e4 j\u00e4senmaksuaan kuukauden kuluttua er\u00e4p\u00e4iv\u00e4st\u00e4, ei ole \u00e4\u00e4nioikeutta yhdistyksen\u00a0kokouksessa ennen kuin j\u00e4senmaksu on suoritettu.<\/p>\n<p><strong>6 \u00a7 Hallitus<\/strong><\/p>\n<p>Yhdistyksen asioita ja omaisuutta hoitaa hallitus, johon kuuluu vuosikokouksen kahdeksi vuodeksi\u00a0valitsema puheenjohtaja sek\u00e4 enint\u00e4\u00e4n kuusi muuta varsinaista ja enint\u00e4\u00e4n kolme yleist\u00e4 varaj\u00e4sent\u00e4,\u00a0jotka valitaan kahdeksi vuodeksi kerrallaan ja joista vuoden v\u00e4lein eroaa puolet. Hallitus valitsee\u00a0vuodeksi keskuudestaan varapuheenjohtajan ja keskuudestaan tai ulkopuolelta sihteerin ja\u00a0taloudenhoitajan. Yhdistyksen vuosikokouksessa tai ylim\u00e4\u00e4r\u00e4isess\u00e4 kokouksessa voidaan eronneen\u00a0tai erotetun puheenjohtajan ja hallituksen j\u00e4senien tilalle valita uudet henkil\u00f6t j\u00e4ljell\u00e4 olevaksi\u00a0toimikaudeksi. Hallitus valitsee eronneen tai erotetun varapuheenjohtajan, sihteerin ja\u00a0taloudenhoitajan tilalle uuden henkil\u00f6n j\u00e4ljell\u00e4 olevalle toimikaudelle. Hallitus:<\/p>\n<ol>\n<li>Kantaa ja vastaa yhdistyksen puolesta<\/li>\n<li>Kutsuu koolle yhdistyksen kokoukset, valmistelee niiss\u00e4 k\u00e4sitelt\u00e4viksi tulevat asiat sek\u00e4 panee\u00a0toimeen kokouksen p\u00e4\u00e4t\u00f6kset<\/li>\n<li>Yll\u00e4pit\u00e4\u00e4 j\u00e4senluetteloa<\/li>\n<li>Pit\u00e4\u00e4 huolta ja vastaa siit\u00e4 ett\u00e4 yhdistyksen rahavaroja sek\u00e4 muuta omaisuutta hoidetaan\u00a0huolellisesti<\/li>\n<li>Huolehtii yhdistyksen toimintasuunnitelman ja talousarvion sek\u00e4 toimintakertomuksen ja\u00a0tilinp\u00e4\u00e4t\u00f6ksen laatimisesta<\/li>\n<li>Nime\u00e4\u00e4 avukseen tarpeelliset ty\u00f6ryhm\u00e4t ja sopii hallituksen j\u00e4senten teht\u00e4vist\u00e4<\/li>\n<li>Valitsee edustajat muiden yhteis\u00f6jen kokouksiin<\/li>\n<\/ol>\n<p>Hallitus kokoontuu tarpeen mukaan puheenjohtajan tai h\u00e4nen estyneen\u00e4 ollessaan\u00a0varapuheenjohtajan kutsusta ja on p\u00e4\u00e4t\u00f6svaltainen, kun puheenjohtaja tai varapuheenjohtaja sek\u00e4\u00a0v\u00e4hint\u00e4\u00e4n puolet hallituksen j\u00e4senist\u00e4 on l\u00e4sn\u00e4. Ellei puheenjohtaja eik\u00e4 varapuheenjohtaja saavu\u00a0hallituksen p\u00e4\u00e4tt\u00e4m\u00e4\u00e4n ja puheenjohtajan kutsumaan kokoukseen, valitaan siksi kerraksi kokouksiin\u00a0puheenjohtaja. T\u00e4ll\u00f6in hallitus on p\u00e4\u00e4t\u00f6svaltainen, mik\u00e4li l\u00e4sn\u00e4 on v\u00e4hint\u00e4\u00e4n puolet hallituksen\u00a0j\u00e4senist\u00e4.<\/p>\n<p><strong>7 \u00a7 Puheenjohtajan teht\u00e4v\u00e4t<\/strong><\/p>\n<p>Puheenjohtajan teht\u00e4viin kuuluu:<\/p>\n<ol>\n<li>kutsua tarvittaessa hallitus ja yhdistys kokoon<\/li>\n<li>toimia hallituksen kokousten puheenjohtajana,<\/li>\n<li>huolehtia ensisijaisesti yhdistyksen menestyksellisest\u00e4 toiminnasta ja valvoa s\u00e4\u00e4nt\u00f6jen tarkkaa\u00a0noudattamista<\/li>\n<\/ol>\n<p><strong>8 \u00a7 Sihteerin teht\u00e4v\u00e4t<\/strong><\/p>\n<p>Sihteerin teht\u00e4viin kuuluu:<\/p>\n<ol>\n<li>valmistaa kokousten p\u00f6yt\u00e4kirjat ja muut asiakirjat,<\/li>\n<li>kirjoittaa tarvittavat p\u00f6yt\u00e4kirjojen otteet ja toimittaa ne asianomaisille<\/li>\n<li>hoitaa yhdistyksen kirjeenvaihtoa<\/li>\n<li>laatia esitys toimintakertomuksesta hallitukselle sek\u00e4<\/li>\n<li>hoitaa yhdistyksen arkistoa<\/li>\n<\/ol>\n<p><strong>9 \u00a7 Taloudenhoitajan teht\u00e4v\u00e4t<\/strong><\/p>\n<p>Taloudenhoitajan teht\u00e4viin kuuluu:<\/p>\n<ol>\n<li>allettaa yhdistyksen varat sek\u00e4 hoitaa muu omaisuus, mist\u00e4 h\u00e4n on laillisessa vastuussa<\/li>\n<li>suorittaa puheenjohtajan hyv\u00e4ksym\u00e4t maksut sek\u00e4<\/li>\n<li>laatia vuosikokoukseen kalenterivuosittain yksityiskohtaiset tulo- ja menotositteet.<\/li>\n<\/ol>\n<p><strong>10 \u00a7 Nimen kirjoittaminen<\/strong><\/p>\n<p>Yhdistyksen nimen kirjoittavat hallituksen puheenjohtaja tai varapuheenjohtaja, jompikumpi yhdess\u00e4\u00a0sihteerin kanssa.<\/p>\n<p><strong>11 \u00a7 Tilikausi<\/strong><\/p>\n<p>Yhdistyksen tilit p\u00e4\u00e4tet\u00e4\u00e4n kalenterivuosittain. Tilinp\u00e4\u00e4t\u00f6s, vuosikertomus ja muut tarvittavat\u00a0asiakirjat on hallituksen j\u00e4tett\u00e4v\u00e4 tilintarkastajille tammikuun puoleen v\u00e4liin menness\u00e4.\u00a0Tilintarkastajien tulee palauttaa ne tilintarkastuskertomuksineen hallitukselle viidentoista p\u00e4iv\u00e4n\u00a0kuluessa siit\u00e4 p\u00e4iv\u00e4st\u00e4, jolloin asiakirjat on heille luovutettu, kuitenkin viimeist\u00e4\u00e4n kaksi viikkoa\u00a0ennen vuosikokousta.<\/p>\n<p><strong>12 \u00a7 Yhdistyksen kokoukset<\/strong><\/p>\n<p>Yhdistyksen p\u00e4\u00e4t\u00e4nt\u00e4valtaa k\u00e4ytt\u00e4\u00e4 yhdistyksen kokous. Yhdistyksen kokouksia ovat vuosikokous ja\u00a0ylim\u00e4\u00e4r\u00e4inen kokous. Vuosikokous pidet\u00e4\u00e4n vuosittain helmikuun viimeiseen p\u00e4iv\u00e4\u00e4n menness\u00e4.\u00a0Yhdistyksen ylim\u00e4\u00e4r\u00e4isi\u00e4 kokouksia pidet\u00e4\u00e4n tarpeen mukaan joko ennakolta sovitulla, hallituksen\u00a0m\u00e4\u00e4r\u00e4\u00e4m\u00e4ll\u00e4 ajalla ja yhdistyslain 20 \u00a7 mainituissa tapauksissa. Yhdistyksen kokouksista on\u00a0ilmoitettava seitsem\u00e4n (7) p\u00e4iv\u00e4\u00e4 ennen kokouksen pitoa. Yhdistyksen kokousten kokouskutsut ja\u00a0tiedonannot toimitetaan j\u00e4senille kirjeitse tai lehti \u2013 ilmoituksella vuosikokouksen m\u00e4\u00e4r\u00e4\u00e4m\u00e4ll\u00e4\u00a0tavalla.<\/p>\n<p>Hallituksen velvollisuus on kutsua yhdistys kokoon, jos v\u00e4hint\u00e4\u00e4n kymmenesosa (1\/10) yhdistyksen\u00a0\u00e4\u00e4nivaltaisista j\u00e4senist\u00e4 sit\u00e4 kirjallisesti, erityisesti ilmoitettua asiaa varten pyyt\u00e4\u00e4. Kokous on\u00a0p\u00e4\u00e4t\u00f6svaltainen, jos siit\u00e4 on s\u00e4\u00e4nn\u00f6iss\u00e4 m\u00e4\u00e4r\u00e4tyll\u00e4 tavalla ilmoitettu. Kullakin kokouksessa l\u00e4sn\u00e4\u00a0olevalla yhdistyksen j\u00e4senmaksun maksaneella henkil\u00f6j\u00e4senell\u00e4 ja yhteis\u00f6j\u00e4senell\u00e4 on \u00e4\u00e4nioikeus ja\u00a0yksi \u00e4\u00e4ni. Muun kuin yhteis\u00f6j\u00e4senen \u00e4\u00e4nioikeutta ei voi k\u00e4ytt\u00e4\u00e4 asiamies eik\u00e4 edustaja. Kukin\u00a0kannattajaj\u00e4sen voi l\u00e4hett\u00e4\u00e4 kokoukseen yhden edustajan, jolla on puhe- mutta ei \u00e4\u00e4nioikeutta.<\/p>\n<p>Kunniaj\u00e4senell\u00e4 on puhe- ja \u00e4\u00e4nioikeus ja yksi \u00e4\u00e4ni.<\/p>\n<p>Kokouksissa ratkaistaan asiat avoimella \u00e4\u00e4nestyksell\u00e4 yksinkertaisella \u00e4\u00e4nten enemmist\u00f6ll\u00e4, paitsi 14\u00a0ja 15 \u00a7:ss\u00e4 mainituissa tapauksissa. Vaalit toimitetaan lippu\u00e4\u00e4nestyksen\u00e4, jos joku kokouksen \u00e4\u00e4nioikeutetuista osanottajista niin vaatii. \u00c4\u00e4nten menness\u00e4 tasan ratkaisee kokouksen\u00a0puheenjohtajan \u00e4\u00e4ni, paitsi vaaleissa arpa.<\/p>\n<p>Yhdistyksen kokouksen avaa puheenjohtaja tai joku hallituksen j\u00e4senist\u00e4. Puhetta johtaa\u00a0kokouksessa valittu puheenjohtaja.<\/p>\n<p>Vuosikokouksessa k\u00e4sitell\u00e4\u00e4n seuraavat asiat:<\/p>\n<ol>\n<li>todetaan kokouksen laillisuus<\/li>\n<li>valitaan kokoukselle puheenjohtaja ja sihteeri sek\u00e4 kaksi p\u00f6yt\u00e4kirjantarkastajaa<\/li>\n<li>esitet\u00e4\u00e4n kuluneen vuoden toimintakertomus ja p\u00e4\u00e4tet\u00e4\u00e4n sen hyv\u00e4ksymisest\u00e4<\/li>\n<li>esitet\u00e4\u00e4n vuositilit ja tilintarkastajien lausunto<\/li>\n<li>vahvistetaan tilinp\u00e4\u00e4t\u00f6s sek\u00e4 p\u00e4\u00e4tet\u00e4\u00e4n vastuuvapauden my\u00f6nt\u00e4misest\u00e4 hallitukselle ja muille\u00a0tilivelvollisille<\/li>\n<li>k\u00e4sitell\u00e4\u00e4n hallituksen tulevaa toimintavuotta varten laatima toimintaohjelma ja talousarvio sek\u00e4p\u00e4\u00e4tet\u00e4\u00e4n niiden hyv\u00e4ksymisest\u00e4<\/li>\n<li>Suoritetaan hallituksen puheenjohtajan vaali joka toinen vuosi<\/li>\n<li>Suoritetaan hallituksen muiden varsinaisten j\u00e4senten ja yleisten varaj\u00e4senten vaali erovuoroisten osalta joka toinen vuosi<\/li>\n<li>Valitaan kaksi toiminnantarkastajaa ja kaksi varatoiminnantarkastajaa<\/li>\n<li>Valitaan tarvittavat toimikunnat<\/li>\n<li>valitaan Puutarhaliiton edustajistoon yhdistyksen edustajat liiton s\u00e4\u00e4nt\u00f6jen mukaan<\/li>\n<li>M\u00e4\u00e4r\u00e4t\u00e4\u00e4n j\u00e4senmaksun suuruus henkil\u00f6-, yhteis\u00f6- ja kannattajaj\u00e4senille<\/li>\n<li>M\u00e4\u00e4ritell\u00e4\u00e4n j\u00e4senedut 4 \u00a7 mukaisesti.<\/li>\n<li>p\u00e4\u00e4tet\u00e4\u00e4n yhdistyksen kokouskutsutavasta s\u00e4\u00e4nt\u00f6jen 9 \u00a7:n m\u00e4\u00e4r\u00e4\u00e4m\u00e4ll\u00e4 tavalla ja sanomalehdest\u00e4, jossa kokouskutsu julkaistaan sek\u00e4 tiedonantojen toimittamisesta j\u00e4senille s\u00e4\u00e4nt\u00f6jen 12 \u00a7:n m\u00e4\u00e4r\u00e4\u00e4miss\u00e4 rajoissa<\/li>\n<li>keskustellaan ja p\u00e4\u00e4tet\u00e4\u00e4n muista yhdistyksen toimintaa koskevista asioista. Jos joku yhdistyksen j\u00e4sen haluaa saattaa jonkin asian k\u00e4sitelt\u00e4v\u00e4ksi yhdistyksen vuosikokoukseen, on esitys siit\u00e4 j\u00e4tett\u00e4v\u00e4 kirjallisesti hallituksen valmisteltavaksi viimeist\u00e4\u00e4n kuukautta ennen kokousp\u00e4iv\u00e4\u00e4.<\/li>\n<\/ol>\n<p><strong>13 \u00a7 J\u00e4senyys Puutarhaliittoon<\/strong><\/p>\n<p>Kainuun Puutarhayhdistys ry kuuluu paikallisyhdistysj\u00e4senen\u00e4 Puutarhaliittoon. Vuosikokouksen\u00a0j\u00e4lkeen yhdistys l\u00e4hett\u00e4\u00e4 Puutarhaliitoon liiton hallituksen erikseen pyyt\u00e4m\u00e4t tiedot.<\/p>\n<p><strong>14 \u00a7 S\u00e4\u00e4nt\u00f6jen muuttaminen<\/strong><\/p>\n<p>N\u00e4it\u00e4 s\u00e4\u00e4nt\u00f6j\u00e4 voidaan vuosikokouksessa muuttaa, jos muutosehdotuksesta on kokousilmoituksessa\u00a0selv\u00e4sti mainittu ja ehdotusta vuosikokouksessa kannattaa kolmenelj\u00e4sosaa (3\/4) annetuista \u00e4\u00e4nist\u00e4.\u00a0Muutosehdotukset ja niiden perustelut on kirjallisesti esitett\u00e4v\u00e4 yhdistyksen hallitukselle kuukausi\u00a0ennen vuosikokousta.<\/p>\n<p><strong>15 \u00a7 Yhdistyksen purkaminen<\/strong><\/p>\n<p>Kysymys yhdistyksen purkamisesta voidaan ottaa k\u00e4sitelt\u00e4v\u00e4ksi vain vuosikokouksessa. Jos\u00a0toiminnan lopettamista kannattaa kolmenelj\u00e4sosaa (3\/4) annetuista \u00e4\u00e4nist\u00e4, on kuukauden kuluttua\u00a0pidett\u00e4v\u00e4 uusi kokous, jossa asia lopullisesti ratkaistaan. Jos t\u00e4ss\u00e4kin kokouksessa kolmenelj\u00e4sosaa\u00a0(3\/4) annetuista \u00e4\u00e4nist\u00e4 kannattaa toiminnan lopettamista, on yhdistyksen toiminta lopullisesti\u00a0p\u00e4\u00e4ttynyt. Jos yhdistys lakkaa toimimasta, on sen omaisuus k\u00e4ytett\u00e4v\u00e4 viimeisen kokouksen\u00a0p\u00e4\u00e4t\u00f6ksen mukaan toiminta &#8211; alueensa puutarhaviljelyn edist\u00e4miseksi.<\/p>\n","protected":false},"excerpt":{"rendered":"<p>1 \u00a7 Nimi ja kotipaikka Yhdistyksen nimi on Kainuun Puutarhayhdistys ry.\u00a0Yhdistyksen kotipaikka on Kajaani ja toiminta &#8211; alueena Kainuun maakunta. 2 \u00a7 Tarkoitus Yhdistyksen tarkoituksena on koota puutarhahenkiset ihmiset yhteistoimintaan puutarhaviljelyn ja -kulttuurin edist\u00e4miseksi Kainuussa , j\u00e4senten aineellisen ja henkisen hyvinvoinnin edist\u00e4minen sek\u00e4\u00a0tiedollisen ja taidollisen tason kehitt\u00e4minen. 3 \u00a7 Tarkoituksen toteuttaminen Tarkoituksen toteuttamiseksi yhdistys Yll\u00e4pit\u00e4\u00e4&#8230;<\/p>\n<p class=\"more-link-wrap\"><a href=\"https:\/\/kainuunpuutarhayhdistys.fi\/?page_id=244\" class=\"more-link\">Read More<span class=\"screen-reader-text\"> &ldquo;S\u00e4\u00e4nn\u00f6t&rdquo;<\/span> &raquo;<\/a><\/p>\n","protected":false},"author":2,"featured_media":0,"parent":240,"menu_order":3,"comment_status":"closed","ping_status":"closed","template":"","meta":{"footnotes":""},"class_list":["post-244","page","type-page","status-publish","hentry"],"_links":{"self":[{"href":"https:\/\/kainuunpuutarhayhdistys.fi\/index.php?rest_route=\/wp\/v2\/pages\/244","targetHints":{"allow":["GET"]}}],"collection":[{"href":"https:\/\/kainuunpuutarhayhdistys.fi\/index.php?rest_route=\/wp\/v2\/pages"}],"about":[{"href":"https:\/\/kainuunpuutarhayhdistys.fi\/index.php?rest_route=\/wp\/v2\/types\/page"}],"author":[{"embeddable":true,"href":"https:\/\/kainuunpuutarhayhdistys.fi\/index.php?rest_route=\/wp\/v2\/users\/2"}],"replies":[{"embeddable":true,"href":"https:\/\/kainuunpuutarhayhdistys.fi\/index.php?rest_route=%2Fwp%2Fv2%2Fcomments&post=244"}],"version-history":[{"count":4,"href":"https:\/\/kainuunpuutarhayhdistys.fi\/index.php?rest_route=\/wp\/v2\/pages\/244\/revisions"}],"predecessor-version":[{"id":590,"href":"https:\/\/kainuunpuutarhayhdistys.fi\/index.php?rest_route=\/wp\/v2\/pages\/244\/revisions\/590"}],"up":[{"embeddable":true,"href":"https:\/\/kainuunpuutarhayhdistys.fi\/index.php?rest_route=\/wp\/v2\/pages\/240"}],"wp:attachment":[{"href":"https:\/\/kainuunpuutarhayhdistys.fi\/index.php?rest_route=%2Fwp%2Fv2%2Fmedia&parent=244"}],"curies":[{"name":"wp","href":"https:\/\/api.w.org\/{rel}","templated":true}]}}