{"id":240,"date":"2013-04-27T15:28:39","date_gmt":"2013-04-27T12:28:39","guid":{"rendered":"http:\/\/kainuunpuutarhayhdistys.fi\/2013\/?page_id=240"},"modified":"2025-06-07T13:14:01","modified_gmt":"2025-06-07T10:14:01","slug":"yhdistys","status":"publish","type":"page","link":"https:\/\/kainuunpuutarhayhdistys.fi\/?page_id=240","title":{"rendered":"Yhdistys"},"content":{"rendered":"<p><a href=\"https:\/\/kainuunpuutarhayhdistys.fi\/2013\/wp-content\/uploads\/2013\/04\/kukka2.jpg\"><img loading=\"lazy\" decoding=\"async\" class=\"alignleft size-thumbnail wp-image-241\" src=\"https:\/\/kainuunpuutarhayhdistys.fi\/2013\/wp-content\/uploads\/2013\/04\/kukka2-150x135.jpg\" alt=\"kukka2\" width=\"150\" height=\"135\" \/><\/a><\/p>\n<p><em>\u201dYhdistyksen tarkoituksena on koota puutarhahenkiset ihmiset yhteistoimintaan puutarhaviljelyn ja -kulttuurin edist\u00e4miseksi Kainuussa, j\u00e4senten aineellisen ja henkisen hyvinvoinnin edist\u00e4minen sek\u00e4 tiedollisen ja taidollisen tason kehitt\u00e4minen\u201d<\/em><\/p>\n<p>Kainuun Puutarhayhdistyksen perustava kokous pidettiin Kajaanissa Hankkijan ruokalassa 6.3.1980. Perustavaan kokoukseen osallistui 39 henkil\u00f6\u00e4, joista yhdistyksen j\u00e4seniksi liittyi heti 34 henkil\u00f6\u00e4. Perustamisvuonna henkil\u00f6j\u00e4seni\u00e4 oli 62. J\u00e4senm\u00e4\u00e4r\u00e4 kasvoi koko 1980-luvun ajan, ollen korkeimmillaan 141 henkil\u00f6\u00e4. Sen j\u00e4lkeen henkil\u00f6j\u00e4senten m\u00e4\u00e4r\u00e4 on ollut tasaisesti 130 j\u00e4sent\u00e4. &#8211; Lue lis\u00e4\u00e4 historia -sivulta!<\/p>\n","protected":false},"excerpt":{"rendered":"<p>\u201dYhdistyksen tarkoituksena on koota puutarhahenkiset ihmiset yhteistoimintaan puutarhaviljelyn ja -kulttuurin edist\u00e4miseksi Kainuussa, j\u00e4senten aineellisen ja henkisen hyvinvoinnin edist\u00e4minen sek\u00e4 tiedollisen ja taidollisen tason kehitt\u00e4minen\u201d Kainuun Puutarhayhdistyksen perustava kokous pidettiin Kajaanissa Hankkijan ruokalassa 6.3.1980. Perustavaan kokoukseen osallistui 39 henkil\u00f6\u00e4, joista yhdistyksen j\u00e4seniksi liittyi heti 34 henkil\u00f6\u00e4. Perustamisvuonna henkil\u00f6j\u00e4seni\u00e4 oli 62. J\u00e4senm\u00e4\u00e4r\u00e4 kasvoi koko 1980-luvun ajan, ollen&#8230;<\/p>\n<p class=\"more-link-wrap\"><a href=\"https:\/\/kainuunpuutarhayhdistys.fi\/?page_id=240\" class=\"more-link\">Read More<span class=\"screen-reader-text\"> &ldquo;Yhdistys&rdquo;<\/span> &raquo;<\/a><\/p>\n","protected":false},"author":2,"featured_media":0,"parent":0,"menu_order":5,"comment_status":"closed","ping_status":"closed","template":"","meta":{"footnotes":""},"class_list":["post-240","page","type-page","status-publish","hentry"],"_links":{"self":[{"href":"https:\/\/kainuunpuutarhayhdistys.fi\/index.php?rest_route=\/wp\/v2\/pages\/240","targetHints":{"allow":["GET"]}}],"collection":[{"href":"https:\/\/kainuunpuutarhayhdistys.fi\/index.php?rest_route=\/wp\/v2\/pages"}],"about":[{"href":"https:\/\/kainuunpuutarhayhdistys.fi\/index.php?rest_route=\/wp\/v2\/types\/page"}],"author":[{"embeddable":true,"href":"https:\/\/kainuunpuutarhayhdistys.fi\/index.php?rest_route=\/wp\/v2\/users\/2"}],"replies":[{"embeddable":true,"href":"https:\/\/kainuunpuutarhayhdistys.fi\/index.php?rest_route=%2Fwp%2Fv2%2Fcomments&post=240"}],"version-history":[{"count":3,"href":"https:\/\/kainuunpuutarhayhdistys.fi\/index.php?rest_route=\/wp\/v2\/pages\/240\/revisions"}],"predecessor-version":[{"id":1134,"href":"https:\/\/kainuunpuutarhayhdistys.fi\/index.php?rest_route=\/wp\/v2\/pages\/240\/revisions\/1134"}],"wp:attachment":[{"href":"https:\/\/kainuunpuutarhayhdistys.fi\/index.php?rest_route=%2Fwp%2Fv2%2Fmedia&parent=240"}],"curies":[{"name":"wp","href":"https:\/\/api.w.org\/{rel}","templated":true}]}}