{"id":181,"date":"2013-04-26T21:51:59","date_gmt":"2013-04-26T18:51:59","guid":{"rendered":"http:\/\/kainuunpuutarhayhdistys.fi\/2013\/?page_id=181"},"modified":"2014-03-01T10:10:12","modified_gmt":"2014-03-01T08:10:12","slug":"vinkkipalsta","status":"publish","type":"page","link":"https:\/\/kainuunpuutarhayhdistys.fi\/?page_id=181","title":{"rendered":"Vinkkipalsta"},"content":{"rendered":"<h3><a href=\"https:\/\/kainuunpuutarhayhdistys.fi\/2013\/wp-content\/uploads\/2013\/04\/idis.jpg\"><img loading=\"lazy\" decoding=\"async\" class=\"alignleft size-thumbnail wp-image-182\" alt=\"idis\" src=\"https:\/\/kainuunpuutarhayhdistys.fi\/2013\/wp-content\/uploads\/2013\/04\/idis-150x150.jpg\" width=\"150\" height=\"150\" \/><\/a>Tervetuloa vinkkipalstallemme!<\/h3>\n<p>T\u00e4\u00e4lt\u00e4 l\u00f6yd\u00e4t k\u00e4yt\u00e4nn\u00f6ss\u00e4 hyv\u00e4ksi koettuja puutarhavinkkej\u00e4 ja niksej\u00e4, joita yhdistyksemme j\u00e4senet ovat koonneet.<\/p>\n<p>Kun keksit tai l\u00f6yd\u00e4t hyv\u00e4n idean, vinkkaa se muillekin l\u00e4hett\u00e4m\u00e4ll\u00e4 meille s\u00e4hk\u00f6postina.<\/p>\n<p>&nbsp;<\/p>\n<p>&nbsp;<\/p>\n<table width=\"95%\" border=\"0\" align=\"center\">\n<tbody>\n<tr>\n<td><a href=\"https:\/\/kainuunpuutarhayhdistys.fi\/2013\/wp-content\/uploads\/2014\/03\/Keinopesat_valmistusohje_kuvallinen.pdf\">Keinopesat_valmistusohje_kuvallinen<\/a><\/td>\n<td>\u00a0<a href=\"https:\/\/kainuunpuutarhayhdistys.fi\/2013\/wp-content\/uploads\/2013\/04\/Kainuun-Puutarhayhdistys-ry-Porkkanalajikkeita-kotipuutarhurille.pdf\" target=\"_blank\">Porkkanalajikkeita kotipuutarhurille<\/a><\/td>\n<td>\u00a0<a href=\"https:\/\/kainuunpuutarhayhdistys.fi\/2013\/wp-content\/uploads\/2013\/04\/Kainuun-Puutarhayhdistys-ry-Kasvien-k\u00e4ytt\u00e4ytymist\u00e4.pdf\">Kasvien k\u00e4ytt\u00e4ytymist\u00e4<\/a><\/td>\n<\/tr>\n<tr>\n<td>\u00a0<a href=\"https:\/\/kainuunpuutarhayhdistys.fi\/2013\/wp-content\/uploads\/2013\/04\/Kainuun-Puutarhayhdistys-ry-Pihan-pienet-el\u00e4imet.pdf\">Pihan pienet el\u00e4imet<\/a><\/td>\n<td>\u00a0<a href=\"https:\/\/kainuunpuutarhayhdistys.fi\/2013\/wp-content\/uploads\/2013\/04\/Kainuun-Puutarhayhdistys-ry-Kukkakimppu-luonnonkukista.pdf\">Kukkakimppu luonnonkukista<\/a><\/td>\n<td>\u00a0<a href=\"https:\/\/kainuunpuutarhayhdistys.fi\/2013\/wp-content\/uploads\/2013\/04\/Kainuun-Puutarhayhdistys-ry-Kirvat-pois-puutarhasta.pdf\">Kirvat pois puutarhasta<\/a><\/td>\n<\/tr>\n<tr>\n<td>\u00a0<a href=\"https:\/\/kainuunpuutarhayhdistys.fi\/2013\/wp-content\/uploads\/2013\/04\/Kainuun-Puutarhayhdistys-ry-Pajusta-tukikehikko-kukille.pdf\">Pajusta tukikehikko kukille<\/a><\/td>\n<td>\u00a0<a href=\"https:\/\/kainuunpuutarhayhdistys.fi\/2013\/wp-content\/uploads\/2013\/04\/Kainuun-Puutarhayhdistys-ry-K\u00e4rh\u00f6jen-leikkaaminen.pdf\">K\u00e4rh\u00f6jen leikkaaminen<\/a><\/td>\n<td>\u00a0<a href=\"https:\/\/kainuunpuutarhayhdistys.fi\/2013\/wp-content\/uploads\/2013\/04\/Kainuun-Puutarhayhdistys-ry-Pienten-siemenien-kylv\u00f6.pdf\">Pienten siemenien kylv\u00f6<\/a><\/td>\n<\/tr>\n<tr>\n<td>\u00a0<a href=\"https:\/\/kainuunpuutarhayhdistys.fi\/2013\/wp-content\/uploads\/2013\/04\/Kainuun-Puutarhayhdistys-ry-Kasvata-perennat-siemenist\u00e4.pdf\" target=\"_blank\">Kasvata perennat siemenist\u00e4<\/a><\/td>\n<td>\u00a0<a href=\"https:\/\/kainuunpuutarhayhdistys.fi\/2013\/wp-content\/uploads\/2013\/04\/Tee-itse-kasvilava-py\u00f6rien-p\u00e4\u00e4lle.pdf\">Tee itse kasvilava py\u00f6rien p\u00e4\u00e4lle<\/a><\/td>\n<td>\u00a0 <a href=\"https:\/\/kainuunpuutarhayhdistys.fi\/2013\/wp-content\/uploads\/2013\/04\/Kainuun-Puutarhayhdistys-ry-Kasvien-ker\u00e4ys-ja-kuivatus.pdf\" target=\"_blank\">Kasvien ker\u00e4ys ja kuivatus<\/a><\/td>\n<\/tr>\n<tr>\n<td><\/td>\n<td><\/td>\n<td><\/td>\n<\/tr>\n<tr>\n<td><\/td>\n<td><\/td>\n<td><\/td>\n<\/tr>\n<tr>\n<td><\/td>\n<td><\/td>\n<td><\/td>\n<\/tr>\n<tr>\n<td><\/td>\n<td><\/td>\n<td><\/td>\n<\/tr>\n<tr>\n<td><\/td>\n<td><\/td>\n<td><\/td>\n<\/tr>\n<tr>\n<td><\/td>\n<td><\/td>\n<td><\/td>\n<\/tr>\n<\/tbody>\n<\/table>\n","protected":false},"excerpt":{"rendered":"<p>Tervetuloa vinkkipalstallemme! T\u00e4\u00e4lt\u00e4 l\u00f6yd\u00e4t k\u00e4yt\u00e4nn\u00f6ss\u00e4 hyv\u00e4ksi koettuja puutarhavinkkej\u00e4 ja niksej\u00e4, joita yhdistyksemme j\u00e4senet ovat koonneet. Kun keksit tai l\u00f6yd\u00e4t hyv\u00e4n idean, vinkkaa se muillekin l\u00e4hett\u00e4m\u00e4ll\u00e4 meille s\u00e4hk\u00f6postina. &nbsp; &nbsp; Keinopesat_valmistusohje_kuvallinen \u00a0Porkkanalajikkeita kotipuutarhurille \u00a0Kasvien k\u00e4ytt\u00e4ytymist\u00e4 \u00a0Pihan pienet el\u00e4imet \u00a0Kukkakimppu luonnonkukista \u00a0Kirvat pois puutarhasta \u00a0Pajusta tukikehikko kukille \u00a0K\u00e4rh\u00f6jen leikkaaminen \u00a0Pienten siemenien kylv\u00f6 \u00a0Kasvata perennat siemenist\u00e4 \u00a0Tee itse&#8230;<\/p>\n<p class=\"more-link-wrap\"><a href=\"https:\/\/kainuunpuutarhayhdistys.fi\/?page_id=181\" class=\"more-link\">Read More<span class=\"screen-reader-text\"> &ldquo;Vinkkipalsta&rdquo;<\/span> &raquo;<\/a><\/p>\n","protected":false},"author":2,"featured_media":0,"parent":0,"menu_order":3,"comment_status":"closed","ping_status":"closed","template":"","meta":{"footnotes":""},"class_list":["post-181","page","type-page","status-publish","hentry"],"_links":{"self":[{"href":"https:\/\/kainuunpuutarhayhdistys.fi\/index.php?rest_route=\/wp\/v2\/pages\/181","targetHints":{"allow":["GET"]}}],"collection":[{"href":"https:\/\/kainuunpuutarhayhdistys.fi\/index.php?rest_route=\/wp\/v2\/pages"}],"about":[{"href":"https:\/\/kainuunpuutarhayhdistys.fi\/index.php?rest_route=\/wp\/v2\/types\/page"}],"author":[{"embeddable":true,"href":"https:\/\/kainuunpuutarhayhdistys.fi\/index.php?rest_route=\/wp\/v2\/users\/2"}],"replies":[{"embeddable":true,"href":"https:\/\/kainuunpuutarhayhdistys.fi\/index.php?rest_route=%2Fwp%2Fv2%2Fcomments&post=181"}],"version-history":[{"count":8,"href":"https:\/\/kainuunpuutarhayhdistys.fi\/index.php?rest_route=\/wp\/v2\/pages\/181\/revisions"}],"predecessor-version":[{"id":186,"href":"https:\/\/kainuunpuutarhayhdistys.fi\/index.php?rest_route=\/wp\/v2\/pages\/181\/revisions\/186"}],"wp:attachment":[{"href":"https:\/\/kainuunpuutarhayhdistys.fi\/index.php?rest_route=%2Fwp%2Fv2%2Fmedia&parent=181"}],"curies":[{"name":"wp","href":"https:\/\/api.w.org\/{rel}","templated":true}]}}