{"id":146,"date":"2013-04-26T21:17:24","date_gmt":"2013-04-26T18:17:24","guid":{"rendered":"http:\/\/kainuunpuutarhayhdistys.fi\/2013\/?page_id=146"},"modified":"2025-03-22T09:31:54","modified_gmt":"2025-03-22T07:31:54","slug":"etusivu-2","status":"publish","type":"page","link":"https:\/\/kainuunpuutarhayhdistys.fi\/?page_id=146","title":{"rendered":"Tervetuloa mukaan toimintaamme!"},"content":{"rendered":"<h2>Tutustu toimintaamme ja t\u00e4yt\u00e4 j\u00e4senlomake.\u00a0 J\u00e4senmaksu vuonna 2025 on\u00a0 vain 20 euroa.<\/h2>\n<p>Lue lis\u00e4\u00e4 toiminnastamme Ajankohtaista osiosta<\/p>\n<p><strong>Kainuun Puutarhayhdistyksen tarkoituksena on puutarhaviljelyn ja puutarhakulttuurin kaikinpuolinen edist\u00e4minen sek\u00e4 ammatinharjoittajien ammatillisen tason kehitt\u00e4minen Kainuussa<\/strong>.<br \/><a href=\"https:\/\/kainuunpuutarhayhdistys.fi\/2013\/wp-content\/uploads\/2013\/04\/puutarhavinkit.jpg\"><img loading=\"lazy\" decoding=\"async\" class=\"alignleft  wp-image-20\" src=\"https:\/\/kainuunpuutarhayhdistys.fi\/2013\/wp-content\/uploads\/2013\/04\/puutarhavinkit.jpg\" alt=\"puutarhavinkit\" width=\"347\" height=\"289\" \/><\/a><\/p>\n<p style=\"text-align: center;\"><strong>P\u00e4\u00e4m\u00e4\u00e4ri\u00e4\u00e4n yhdistys toteuttaa<\/strong><\/p>\n<ul style=\"list-style-type: square;\">\n<li style=\"text-align: center;\">\u00a0j\u00e4rjest\u00e4m\u00e4ll\u00e4 esitelm\u00e4tilaisuuksia<\/li>\n<li style=\"text-align: center;\">\u00a0neuvontatilaisuuksia<\/li>\n<li style=\"text-align: center;\">\u00a0kokouksia<\/li>\n<li style=\"text-align: center;\">\u00a0kursseja<\/li>\n<li style=\"text-align: center;\">\u00a0n\u00e4yttelyj\u00e4<\/li>\n<li style=\"text-align: center;\">\u00a0retkeily\u00e4<\/li>\n<li>\n<h6><code><\/code><\/h6>\n<\/li>\n<\/ul>\n\n\n<p><strong>Ota yhteytt\u00e4 Kainuun Puutarhayhdistykseen!<\/strong><\/p>\n\n\n\n<div class=\"wpcf7 no-js\" id=\"wpcf7-f1112-o1\" lang=\"fi\" dir=\"ltr\" data-wpcf7-id=\"1112\">\n<div class=\"screen-reader-response\"><p role=\"status\" aria-live=\"polite\" aria-atomic=\"true\"><\/p> <ul><\/ul><\/div>\n<form action=\"\/index.php?rest_route=%2Fwp%2Fv2%2Fpages%2F146#wpcf7-f1112-o1\" method=\"post\" class=\"wpcf7-form init\" aria-label=\"Yhteydenottolomake\" novalidate=\"novalidate\" data-status=\"init\">\n<fieldset class=\"hidden-fields-container\"><input type=\"hidden\" name=\"_wpcf7\" value=\"1112\" \/><input type=\"hidden\" name=\"_wpcf7_version\" value=\"6.1.5\" \/><input type=\"hidden\" name=\"_wpcf7_locale\" value=\"fi\" \/><input type=\"hidden\" name=\"_wpcf7_unit_tag\" value=\"wpcf7-f1112-o1\" \/><input type=\"hidden\" name=\"_wpcf7_container_post\" value=\"0\" \/><input type=\"hidden\" name=\"_wpcf7_posted_data_hash\" value=\"\" \/>\n<\/fieldset>\n<p><label> Nimesi<br \/>\n<span class=\"wpcf7-form-control-wrap\" data-name=\"your-name\"><input size=\"40\" maxlength=\"400\" class=\"wpcf7-form-control wpcf7-text wpcf7-validates-as-required\" autocomplete=\"name\" aria-required=\"true\" aria-invalid=\"false\" value=\"\" type=\"text\" name=\"your-name\" \/><\/span> <\/label>\n<\/p>\n<p><label> S\u00e4hk\u00f6postiosoitteesi<br \/>\n<span class=\"wpcf7-form-control-wrap\" data-name=\"your-email\"><input size=\"40\" maxlength=\"400\" class=\"wpcf7-form-control wpcf7-email wpcf7-validates-as-required wpcf7-text wpcf7-validates-as-email\" autocomplete=\"email\" aria-required=\"true\" aria-invalid=\"false\" value=\"\" type=\"email\" name=\"your-email\" \/><\/span> <\/label>\n<\/p>\n<p><label> Aihe<br \/>\n<span class=\"wpcf7-form-control-wrap\" data-name=\"your-subject\"><input size=\"40\" maxlength=\"400\" class=\"wpcf7-form-control wpcf7-text wpcf7-validates-as-required\" aria-required=\"true\" aria-invalid=\"false\" value=\"\" type=\"text\" name=\"your-subject\" \/><\/span> <\/label>\n<\/p>\n<p><label> Viestisi (valinnainen)<br \/>\n<span class=\"wpcf7-form-control-wrap\" data-name=\"your-message\"><textarea cols=\"40\" rows=\"10\" maxlength=\"2000\" class=\"wpcf7-form-control wpcf7-textarea\" aria-invalid=\"false\" name=\"your-message\"><\/textarea><\/span> <\/label>\n<\/p>\n<p><input class=\"wpcf7-form-control wpcf7-submit has-spinner\" type=\"submit\" value=\"L\u00e4het\u00e4\" \/>\n<\/p><div class=\"wpcf7-response-output\" aria-hidden=\"true\"><\/div>\n<\/form>\n<\/div>\n\n\n\n\n<p><\/p>\n","protected":false},"excerpt":{"rendered":"<p>Tutustu toimintaamme ja t\u00e4yt\u00e4 j\u00e4senlomake.\u00a0 J\u00e4senmaksu vuonna 2025 on\u00a0 vain 20 euroa. Lue lis\u00e4\u00e4 toiminnastamme Ajankohtaista osiosta Kainuun Puutarhayhdistyksen tarkoituksena on puutarhaviljelyn ja puutarhakulttuurin kaikinpuolinen edist\u00e4minen sek\u00e4 ammatinharjoittajien ammatillisen tason kehitt\u00e4minen Kainuussa. P\u00e4\u00e4m\u00e4\u00e4ri\u00e4\u00e4n yhdistys toteuttaa \u00a0j\u00e4rjest\u00e4m\u00e4ll\u00e4 esitelm\u00e4tilaisuuksia \u00a0neuvontatilaisuuksia \u00a0kokouksia \u00a0kursseja \u00a0n\u00e4yttelyj\u00e4 \u00a0retkeily\u00e4 Ota yhteytt\u00e4 Kainuun Puutarhayhdistykseen!<\/p>\n","protected":false},"author":2,"featured_media":0,"parent":0,"menu_order":1,"comment_status":"closed","ping_status":"closed","template":"","meta":{"footnotes":""},"class_list":["post-146","page","type-page","status-publish","hentry"],"_links":{"self":[{"href":"https:\/\/kainuunpuutarhayhdistys.fi\/index.php?rest_route=\/wp\/v2\/pages\/146","targetHints":{"allow":["GET"]}}],"collection":[{"href":"https:\/\/kainuunpuutarhayhdistys.fi\/index.php?rest_route=\/wp\/v2\/pages"}],"about":[{"href":"https:\/\/kainuunpuutarhayhdistys.fi\/index.php?rest_route=\/wp\/v2\/types\/page"}],"author":[{"embeddable":true,"href":"https:\/\/kainuunpuutarhayhdistys.fi\/index.php?rest_route=\/wp\/v2\/users\/2"}],"replies":[{"embeddable":true,"href":"https:\/\/kainuunpuutarhayhdistys.fi\/index.php?rest_route=%2Fwp%2Fv2%2Fcomments&post=146"}],"version-history":[{"count":26,"href":"https:\/\/kainuunpuutarhayhdistys.fi\/index.php?rest_route=\/wp\/v2\/pages\/146\/revisions"}],"predecessor-version":[{"id":1116,"href":"https:\/\/kainuunpuutarhayhdistys.fi\/index.php?rest_route=\/wp\/v2\/pages\/146\/revisions\/1116"}],"wp:attachment":[{"href":"https:\/\/kainuunpuutarhayhdistys.fi\/index.php?rest_route=%2Fwp%2Fv2%2Fmedia&parent=146"}],"curies":[{"name":"wp","href":"https:\/\/api.w.org\/{rel}","templated":true}]}}